{"id":1246,"date":"2019-09-28T19:03:07","date_gmt":"2019-09-28T19:03:07","guid":{"rendered":"https:\/\/aletterfromgreece.eu\/hintergrundinformation\/"},"modified":"2020-02-22T14:32:28","modified_gmt":"2020-02-22T14:32:28","slug":"hintergrundinformation","status":"publish","type":"page","link":"https:\/\/aletterfromgreece.eu\/de\/hintergrundinformation\/","title":{"rendered":"Hintergrundinformation"},"content":{"rendered":"\n<div class=\"wp-block-columns alignwide has-2-columns is-layout-flex wp-container-core-columns-is-layout-9d6595d7 wp-block-columns-is-layout-flex\">\n<div class=\"wp-block-column is-layout-flow wp-block-column-is-layout-flow\">\n<p><\/p>\n\n\n\n<p>Ein Brief aus Griechenland<\/p>\n\n\n\n<p>Im Sommer 2019 haben wir die Aktion &#8218;A letter from Greece&#8216; organisiert. <\/p>\n\n\n\n<p>Wir wollen die Menschen in den Niederlanden wieder sensibilisieren hinsichtlich der Situation, in der die Fl\u00fcchtlinge in Griechenland \u00fcberleben m\u00fcssen. Deshalb&#13;\nhaben wir Menschen, die in \u00fcberf\u00fcllten, unsicheren und unhygienischen Lagern oder als  Obdachlose in Athen leben, gebeten, \u00fcber ihre derzeitige Existenz zu schreiben. Wir  denken, dass pers\u00f6nliche Geschichten ein starkes Mittel sind, um zu vermitteln wie erniedrigend die Situation ist.<\/p>\n\n\n\n<p>Beinahe 1000 Menschen haben Briefe geschrieben. Darin haben sie ihre heutige Lebensituation, ihre Gef\u00fchle, Tr\u00e4ume und ihre Fragen an die Menschen in Europa aufgeschrieben .<\/p>\n\n\n\n<p>Obwohl wir ihnen keine schnelle Verbesserung ihrer Situation versprechen konnten, wollten sie doch gerne schreiben. Sie waren sehr motiviert um ihr Elend an die Leser der Niederlande mitzuteilen.&#13;\nIhre Geschichten und Hilferufe aktivieren hoffentlich und f\u00fchren hoffentliuch zu einer politischen Wende, so dass sich die Situation der Fl\u00fcchtlinge in Zukunft tats\u00e4chlich verbessert<\/p>\n\n\n\n<p>Wir haben die Briefe abgeholt, \u00fcbersetzt, und verteilt. In den letzten Wochen von September sp\u00fclten sie an den Niederl\u00e4ndischen K\u00fcsten an. Als en SOS an Alle.&#13;\n<\/p>\n\n\n\n<p>Am 3. Oktober werden wir unsere Aktion und diese Webseite mit allen Briefen w\u00e4hrend des Capital Events &#8222;Snapshot from the Borders&#8220; in Amsterdam presentieren.<\/p>\n\n\n\n<p>Du kannst auf die Briefe reagieren und zum Beispiel den Schreibern wissen lassen, dass du den Brief gelesen hast und was es mit dir tat. Auch die Briefeschreiber k\u00f6nnen die Webseite benutzten als Medium um zum Beispiel Photo&#8217;s und neue Entwicklungen zu teilen<\/p>\n\n\n\n<p>Wenn du, genau wie wir, schockiert bist \u00fcber die unmenschliche Behandlung der Menschen auf der Flucht, schau dan auch auf die Seite &#8218;Was kann ich tun?&#8220; Hier findest du links zu Hilfsorganisationen in Griechenland und andere Tips.<\/p>\n\n\n\n<p>In September 2015 versprach die Niederlande 8712 Fl\u00fcchtlinge vor September 2017 aus den griechischen Lagern aufzunehmen. Jetzt ist es 2019 und die Niederlande hat nur 1755 aufgenommen. Im Ganzen sollten 160.000 Fl\u00fcchtlinge aus Griechenland \u00fcber die ganze Europ\u00e4iscvhe Union verteilt werden.So wie die Niederlande hielt sich kein Land an dieses Versprechen, ausser Malta und Finnland.<\/p>\n\n\n\n<p>Wir finden das die Niederlande sich an ihre Absprachen halten muss und die Menschenrechte nachleben muss. Wir k\u00f6nnen nicht mehr zu sehen wie Menschen sterben in Abschreckungslagern. Menschenleben sind wichtiger als Grenzen.<\/p>\n\n\n\n<p>Wenn auch du motiviert bist diese unmenschliche Politik zu ver\u00e4ndernm, schliesse dich dann an bei einer lokalen und\/oder nationalen Initiative. Tips findest du auf der Seite &#8218;Links&#8216;<\/p>\n\n\n\n<p>Das Team a letter from Greece<\/p>\n\n\n\n<p><\/p>\n\n\n\n<p>\u00a0\u2019.<\/p>\n\n\n\n<p><\/p>\n\n\n\n<p><\/p>\n\n\n\n<p><\/p>\n\n\n\n<p><\/p>\n\n\n\n<p><\/p>\n\n\n\n<p><\/p>\n\n\n\n<p><\/p>\n\n\n\n<p><\/p>\n\n\n\n<p><\/p>\n\n\n\n<p><\/p>\n\n\n\n<p><\/p>\n<\/div>\n\n\n\n<div class=\"wp-block-column is-layout-flow wp-block-column-is-layout-flow\">\n<h2 class=\"wp-block-heading\" style=\"text-align:right\" id=\"mce_9\">Schreibe uns<\/h2>\n\n\n\n<p style=\"text-align:right\">letters.no.borders@gmail.com<\/p>\n\n\n<div class=\"wp-block-atomic-blocks-ab-cta ab-block-cta aligncenter\" style=\"background-color: #a86500; text-align: center;\">\r\n<div class=\"ab-cta-content\">\r\n<h2 class=\"ab-cta-title ab-font-size-32\" style=\"color: #ffffff;\">Help ons helpen<\/h2>\r\n<div class=\"ab-cta-text ab-font-size-32\" style=\"color: #ffffff;\">\r\n\r\nGeef de vluchtelingen een stem\r\n\r\n<\/div>\r\n<\/div>\r\n<div class=\"ab-cta-button\"><a class=\"ab-button ab-button-shape-rounded ab-button-size-medium\" style=\"color: #a86500; background-color: #ffffff;\" href=\"https:\/\/www.geef.nl\/nl\/actie\/aletterfromgreece\/donateurs\" target=\"_blank\" rel=\"noopener noreferrer\">Doneer<\/a><\/div>\r\n<\/div>\n\n\n<p style=\"text-align:right\"> <\/p>\n<\/div>\n<\/div>\n","protected":false},"excerpt":{"rendered":"<p>Ein Brief aus Griechenland Im Sommer 2019 haben wir die Aktion &#8218;A letter from Greece&#8216; organisiert. Wir wollen die Menschen in den Niederlanden wieder sensibilisieren hinsichtlich der Situation, in der die Fl\u00fcchtlinge in Griechenland \u00fcberleben m\u00fcssen. Deshalb&#13; haben wir Menschen, die in \u00fcberf\u00fcllten, unsicheren und unhygienischen Lagern oder als Obdachlose in Athen leben, gebeten, \u00fcber [&hellip;]<\/p>\n","protected":false},"author":1,"featured_media":0,"parent":0,"menu_order":0,"comment_status":"closed","ping_status":"closed","template":"","meta":{"_monsterinsights_skip_tracking":false,"_monsterinsights_sitenote_active":false,"_monsterinsights_sitenote_note":"","_monsterinsights_sitenote_category":0,"_genesis_hide_title":false,"_genesis_hide_breadcrumbs":false,"_genesis_hide_singular_image":false,"_genesis_hide_footer_widgets":false,"_genesis_custom_body_class":"","_genesis_custom_post_class":"","_genesis_layout":"full-width-content","footnotes":""},"class_list":{"0":"post-1246","1":"page","2":"type-page","3":"status-publish","5":"entry","6":"has-post-thumbnail"},"yoast_head":"<!-- This site is optimized with the Yoast SEO plugin v27.5 - https:\/\/yoast.com\/product\/yoast-seo-wordpress\/ -->\n<title>Hintergrundinformation - A letter from Greece<\/title>\n<meta name=\"robots\" content=\"index, follow, max-snippet:-1, max-image-preview:large, max-video-preview:-1\" \/>\n<link rel=\"canonical\" href=\"https:\/\/aletterfromgreece.eu\/de\/hintergrundinformation\/\" \/>\n<meta property=\"og:locale\" content=\"de_DE\" \/>\n<meta property=\"og:type\" content=\"article\" \/>\n<meta property=\"og:title\" content=\"Hintergrundinformation - A letter from Greece\" \/>\n<meta property=\"og:description\" content=\"Ein Brief aus Griechenland Im Sommer 2019 haben wir die Aktion &#8218;A letter from Greece&#8216; organisiert. Wir wollen die Menschen in den Niederlanden wieder sensibilisieren hinsichtlich der Situation, in der die Fl\u00fcchtlinge in Griechenland \u00fcberleben m\u00fcssen. Deshalb&#013; haben wir Menschen, die in \u00fcberf\u00fcllten, unsicheren und unhygienischen Lagern oder als Obdachlose in Athen leben, gebeten, \u00fcber [&hellip;]\" \/>\n<meta property=\"og:url\" content=\"https:\/\/aletterfromgreece.eu\/de\/hintergrundinformation\/\" \/>\n<meta property=\"og:site_name\" content=\"A letter from Greece\" \/>\n<meta property=\"article:modified_time\" content=\"2020-02-22T14:32:28+00:00\" \/>\n<meta property=\"og:image\" content=\"https:\/\/aletterfromgreece.eu\/wp-content\/uploads\/logo.jpg\" \/>\n\t<meta property=\"og:image:width\" content=\"1200\" \/>\n\t<meta property=\"og:image:height\" content=\"1114\" \/>\n\t<meta property=\"og:image:type\" content=\"image\/jpeg\" \/>\n<meta name=\"twitter:card\" content=\"summary_large_image\" \/>\n<meta name=\"twitter:label1\" content=\"Gesch\u00e4tzte Lesezeit\" \/>\n\t<meta name=\"twitter:data1\" content=\"2\u00a0Minuten\" \/>\n<script type=\"application\/ld+json\" class=\"yoast-schema-graph\">{\"@context\":\"https:\\\/\\\/schema.org\",\"@graph\":[{\"@type\":\"WebPage\",\"@id\":\"https:\\\/\\\/aletterfromgreece.eu\\\/de\\\/hintergrundinformation\\\/\",\"url\":\"https:\\\/\\\/aletterfromgreece.eu\\\/de\\\/hintergrundinformation\\\/\",\"name\":\"Hintergrundinformation - A letter from Greece\",\"isPartOf\":{\"@id\":\"https:\\\/\\\/aletterfromgreece.eu\\\/de\\\/#website\"},\"datePublished\":\"2019-09-28T19:03:07+00:00\",\"dateModified\":\"2020-02-22T14:32:28+00:00\",\"breadcrumb\":{\"@id\":\"https:\\\/\\\/aletterfromgreece.eu\\\/de\\\/hintergrundinformation\\\/#breadcrumb\"},\"inLanguage\":\"de\",\"potentialAction\":[{\"@type\":\"ReadAction\",\"target\":[\"https:\\\/\\\/aletterfromgreece.eu\\\/de\\\/hintergrundinformation\\\/\"]}]},{\"@type\":\"BreadcrumbList\",\"@id\":\"https:\\\/\\\/aletterfromgreece.eu\\\/de\\\/hintergrundinformation\\\/#breadcrumb\",\"itemListElement\":[{\"@type\":\"ListItem\",\"position\":1,\"name\":\"Home\",\"item\":\"https:\\\/\\\/aletterfromgreece.eu\\\/de\\\/\"},{\"@type\":\"ListItem\",\"position\":2,\"name\":\"Hintergrundinformation\"}]},{\"@type\":\"WebSite\",\"@id\":\"https:\\\/\\\/aletterfromgreece.eu\\\/de\\\/#website\",\"url\":\"https:\\\/\\\/aletterfromgreece.eu\\\/de\\\/\",\"name\":\"A letter from Greece\",\"description\":\"Message in a bottle\",\"potentialAction\":[{\"@type\":\"SearchAction\",\"target\":{\"@type\":\"EntryPoint\",\"urlTemplate\":\"https:\\\/\\\/aletterfromgreece.eu\\\/de\\\/?s={search_term_string}\"},\"query-input\":{\"@type\":\"PropertyValueSpecification\",\"valueRequired\":true,\"valueName\":\"search_term_string\"}}],\"inLanguage\":\"de\"}]}<\/script>\n<!-- \/ Yoast SEO plugin. -->","yoast_head_json":{"title":"Hintergrundinformation - A letter from Greece","robots":{"index":"index","follow":"follow","max-snippet":"max-snippet:-1","max-image-preview":"max-image-preview:large","max-video-preview":"max-video-preview:-1"},"canonical":"https:\/\/aletterfromgreece.eu\/de\/hintergrundinformation\/","og_locale":"de_DE","og_type":"article","og_title":"Hintergrundinformation - A letter from Greece","og_description":"Ein Brief aus Griechenland Im Sommer 2019 haben wir die Aktion &#8218;A letter from Greece&#8216; organisiert. Wir wollen die Menschen in den Niederlanden wieder sensibilisieren hinsichtlich der Situation, in der die Fl\u00fcchtlinge in Griechenland \u00fcberleben m\u00fcssen. Deshalb&#13; haben wir Menschen, die in \u00fcberf\u00fcllten, unsicheren und unhygienischen Lagern oder als Obdachlose in Athen leben, gebeten, \u00fcber [&hellip;]","og_url":"https:\/\/aletterfromgreece.eu\/de\/hintergrundinformation\/","og_site_name":"A letter from Greece","article_modified_time":"2020-02-22T14:32:28+00:00","og_image":[{"width":1200,"height":1114,"url":"https:\/\/aletterfromgreece.eu\/wp-content\/uploads\/logo.jpg","type":"image\/jpeg"}],"twitter_card":"summary_large_image","twitter_misc":{"Gesch\u00e4tzte Lesezeit":"2\u00a0Minuten"},"schema":{"@context":"https:\/\/schema.org","@graph":[{"@type":"WebPage","@id":"https:\/\/aletterfromgreece.eu\/de\/hintergrundinformation\/","url":"https:\/\/aletterfromgreece.eu\/de\/hintergrundinformation\/","name":"Hintergrundinformation - A letter from Greece","isPartOf":{"@id":"https:\/\/aletterfromgreece.eu\/de\/#website"},"datePublished":"2019-09-28T19:03:07+00:00","dateModified":"2020-02-22T14:32:28+00:00","breadcrumb":{"@id":"https:\/\/aletterfromgreece.eu\/de\/hintergrundinformation\/#breadcrumb"},"inLanguage":"de","potentialAction":[{"@type":"ReadAction","target":["https:\/\/aletterfromgreece.eu\/de\/hintergrundinformation\/"]}]},{"@type":"BreadcrumbList","@id":"https:\/\/aletterfromgreece.eu\/de\/hintergrundinformation\/#breadcrumb","itemListElement":[{"@type":"ListItem","position":1,"name":"Home","item":"https:\/\/aletterfromgreece.eu\/de\/"},{"@type":"ListItem","position":2,"name":"Hintergrundinformation"}]},{"@type":"WebSite","@id":"https:\/\/aletterfromgreece.eu\/de\/#website","url":"https:\/\/aletterfromgreece.eu\/de\/","name":"A letter from Greece","description":"Message in a bottle","potentialAction":[{"@type":"SearchAction","target":{"@type":"EntryPoint","urlTemplate":"https:\/\/aletterfromgreece.eu\/de\/?s={search_term_string}"},"query-input":{"@type":"PropertyValueSpecification","valueRequired":true,"valueName":"search_term_string"}}],"inLanguage":"de"}]}},"_links":{"self":[{"href":"https:\/\/aletterfromgreece.eu\/de\/wp-json\/wp\/v2\/pages\/1246","targetHints":{"allow":["GET"]}}],"collection":[{"href":"https:\/\/aletterfromgreece.eu\/de\/wp-json\/wp\/v2\/pages"}],"about":[{"href":"https:\/\/aletterfromgreece.eu\/de\/wp-json\/wp\/v2\/types\/page"}],"author":[{"embeddable":true,"href":"https:\/\/aletterfromgreece.eu\/de\/wp-json\/wp\/v2\/users\/1"}],"replies":[{"embeddable":true,"href":"https:\/\/aletterfromgreece.eu\/de\/wp-json\/wp\/v2\/comments?post=1246"}],"version-history":[{"count":2,"href":"https:\/\/aletterfromgreece.eu\/de\/wp-json\/wp\/v2\/pages\/1246\/revisions"}],"predecessor-version":[{"id":3730,"href":"https:\/\/aletterfromgreece.eu\/de\/wp-json\/wp\/v2\/pages\/1246\/revisions\/3730"}],"wp:attachment":[{"href":"https:\/\/aletterfromgreece.eu\/de\/wp-json\/wp\/v2\/media?parent=1246"}],"curies":[{"name":"wp","href":"https:\/\/api.w.org\/{rel}","templated":true}]}}